{"id":12,"date":"2019-07-12T11:57:12","date_gmt":"2019-07-12T11:57:12","guid":{"rendered":"http:\/\/www.realtrading.sk\/?page_id=12"},"modified":"2019-11-15T11:54:46","modified_gmt":"2019-11-15T10:54:46","slug":"myto-v-mkd","status":"publish","type":"page","link":"https:\/\/www.realtrading.sk\/?page_id=12","title":{"rendered":"M\u00fdto v MKD"},"content":{"rendered":"<p><span style=\"color: #999999;\">\u00a0<span style=\"color: #ffffff;\">&#8211; zabezpe\u010dujeme poradensk\u00fa <img loading=\"lazy\" class=\" wp-image-152 alignright\" src=\"http:\/\/www.realtrading.sk\/wp-content\/uploads\/2019\/07\/Myto_1-1-300x144.jpg\" alt=\"\" width=\"344\" height=\"165\" srcset=\"https:\/\/www.realtrading.sk\/wp-content\/uploads\/2019\/07\/Myto_1-1-300x144.jpg 300w, https:\/\/www.realtrading.sk\/wp-content\/uploads\/2019\/07\/Myto_1-1-768x368.jpg 768w, https:\/\/www.realtrading.sk\/wp-content\/uploads\/2019\/07\/Myto_1-1-1024x490.jpg 1024w, https:\/\/www.realtrading.sk\/wp-content\/uploads\/2019\/07\/Myto_1-1-700x335.jpg 700w, https:\/\/www.realtrading.sk\/wp-content\/uploads\/2019\/07\/Myto_1-1-520x249.jpg 520w, https:\/\/www.realtrading.sk\/wp-content\/uploads\/2019\/07\/Myto_1-1-360x172.jpg 360w, https:\/\/www.realtrading.sk\/wp-content\/uploads\/2019\/07\/Myto_1-1-250x120.jpg 250w, https:\/\/www.realtrading.sk\/wp-content\/uploads\/2019\/07\/Myto_1-1-100x48.jpg 100w\" sizes=\"(max-width: 344px) 100vw, 344px\" \/>\u010dinnos\u0165 pri registr\u00e1cii a mont\u00e1\u017e m\u00fdtnych jednotiek<\/span><\/span><\/p>\n<p><span style=\"color: #ffffff;\">\u00a0\u00a0 do kraj\u00edn Nemecko a Belgicko<\/span><\/p>\n<p><span style=\"color: #ffffff;\">\u00a0&#8211; zabezpe\u010dujeme pevn\u00fa mont\u00e1\u017e k m\u00fdtnej jednotke pre Slovensko, Belgicko a \u010cesko<br \/>\n<\/span><\/p>\n<p><span style=\"color: #ffffff;\">\u00a0&#8211; mo\u017enos\u0165 dodania m\u00fdtnych jednotiek pre ma\u010farsk\u00fd m\u00fdtny syst\u00e9m HU-GO<\/span><\/p>\n","protected":false},"excerpt":{"rendered":"<p>\u00a0&#8211; zabezpe\u010dujeme poradensk\u00fa \u010dinnos\u0165 pri registr\u00e1cii a mont\u00e1\u017e m\u00fdtnych jednotiek \u00a0\u00a0 do kraj\u00edn Nemecko a Belgicko \u00a0&#8211; zabezpe\u010dujeme pevn\u00fa mont\u00e1\u017e k m\u00fdtnej jednotke pre Slovensko, Belgicko a \u010cesko \u00a0&#8211; mo\u017enos\u0165 dodania m\u00fdtnych jednotiek pre ma\u010farsk\u00fd m\u00fdtny syst\u00e9m HU-GO<\/p>\n","protected":false},"author":1,"featured_media":0,"parent":0,"menu_order":0,"comment_status":"closed","ping_status":"closed","template":"page-templates\/page_fullwidth.php","meta":[],"_links":{"self":[{"href":"https:\/\/www.realtrading.sk\/index.php?rest_route=\/wp\/v2\/pages\/12"}],"collection":[{"href":"https:\/\/www.realtrading.sk\/index.php?rest_route=\/wp\/v2\/pages"}],"about":[{"href":"https:\/\/www.realtrading.sk\/index.php?rest_route=\/wp\/v2\/types\/page"}],"author":[{"embeddable":true,"href":"https:\/\/www.realtrading.sk\/index.php?rest_route=\/wp\/v2\/users\/1"}],"replies":[{"embeddable":true,"href":"https:\/\/www.realtrading.sk\/index.php?rest_route=%2Fwp%2Fv2%2Fcomments&post=12"}],"version-history":[{"count":28,"href":"https:\/\/www.realtrading.sk\/index.php?rest_route=\/wp\/v2\/pages\/12\/revisions"}],"predecessor-version":[{"id":384,"href":"https:\/\/www.realtrading.sk\/index.php?rest_route=\/wp\/v2\/pages\/12\/revisions\/384"}],"wp:attachment":[{"href":"https:\/\/www.realtrading.sk\/index.php?rest_route=%2Fwp%2Fv2%2Fmedia&parent=12"}],"curies":[{"name":"wp","href":"https:\/\/api.w.org\/{rel}","templated":true}]}}