{"id":15,"date":"2019-07-12T12:01:34","date_gmt":"2019-07-12T12:01:34","guid":{"rendered":"http:\/\/www.realtrading.sk\/?page_id=15"},"modified":"2019-07-15T14:28:56","modified_gmt":"2019-07-15T13:28:56","slug":"monitoring-vozidiel","status":"publish","type":"page","link":"https:\/\/www.realtrading.sk\/?page_id=15","title":{"rendered":"Monitoring vozidiel"},"content":{"rendered":"<p><span style=\"color: #ffffff;\">&#8211; predaj a in\u0161tal\u00e1cia monitorovac\u00edch <a style=\"color: #ffffff;\" href=\"http:\/\/www.realtrading.sk\/wp-content\/uploads\/2019\/07\/Monitoring-1.jpg\" target=\"_blank\" rel=\"noopener noreferrer\"><img loading=\"lazy\" class=\"alignright wp-image-151\" src=\"http:\/\/www.realtrading.sk\/wp-content\/uploads\/2019\/07\/Monitoring-1-300x250.jpg\" alt=\"\" width=\"322\" height=\"268\" srcset=\"https:\/\/www.realtrading.sk\/wp-content\/uploads\/2019\/07\/Monitoring-1-300x250.jpg 300w, https:\/\/www.realtrading.sk\/wp-content\/uploads\/2019\/07\/Monitoring-1-768x640.jpg 768w, https:\/\/www.realtrading.sk\/wp-content\/uploads\/2019\/07\/Monitoring-1-1024x853.jpg 1024w, https:\/\/www.realtrading.sk\/wp-content\/uploads\/2019\/07\/Monitoring-1-700x583.jpg 700w, https:\/\/www.realtrading.sk\/wp-content\/uploads\/2019\/07\/Monitoring-1-520x433.jpg 520w, https:\/\/www.realtrading.sk\/wp-content\/uploads\/2019\/07\/Monitoring-1-360x300.jpg 360w, https:\/\/www.realtrading.sk\/wp-content\/uploads\/2019\/07\/Monitoring-1-250x208.jpg 250w, https:\/\/www.realtrading.sk\/wp-content\/uploads\/2019\/07\/Monitoring-1-100x83.jpg 100w, https:\/\/www.realtrading.sk\/wp-content\/uploads\/2019\/07\/Monitoring-1.jpg 1060w\" sizes=\"(max-width: 322px) 100vw, 322px\" \/><\/a>syst\u00e9mov do vozidiel<br \/>\n<\/span><\/p>\n<p><span style=\"color: #ffffff;\">&#8211; zber dostupn\u00fdch stavov\u00fdch inform\u00e1cii z vozidiel a ich vyhodnotenie<\/span><\/p>\n<p><span style=\"color: #ffffff;\">&#8211; spr\u00e1va monitorovacieho syst\u00e9mu a doh\u013ead<\/span><\/p>\n","protected":false},"excerpt":{"rendered":"<p>&#8211; predaj a in\u0161tal\u00e1cia monitorovac\u00edch syst\u00e9mov do vozidiel &#8211; zber dostupn\u00fdch stavov\u00fdch inform\u00e1cii z vozidiel a ich vyhodnotenie &#8211; spr\u00e1va monitorovacieho syst\u00e9mu a doh\u013ead<\/p>\n","protected":false},"author":1,"featured_media":0,"parent":0,"menu_order":0,"comment_status":"closed","ping_status":"closed","template":"page-templates\/page_fullwidth.php","meta":[],"_links":{"self":[{"href":"https:\/\/www.realtrading.sk\/index.php?rest_route=\/wp\/v2\/pages\/15"}],"collection":[{"href":"https:\/\/www.realtrading.sk\/index.php?rest_route=\/wp\/v2\/pages"}],"about":[{"href":"https:\/\/www.realtrading.sk\/index.php?rest_route=\/wp\/v2\/types\/page"}],"author":[{"embeddable":true,"href":"https:\/\/www.realtrading.sk\/index.php?rest_route=\/wp\/v2\/users\/1"}],"replies":[{"embeddable":true,"href":"https:\/\/www.realtrading.sk\/index.php?rest_route=%2Fwp%2Fv2%2Fcomments&post=15"}],"version-history":[{"count":12,"href":"https:\/\/www.realtrading.sk\/index.php?rest_route=\/wp\/v2\/pages\/15\/revisions"}],"predecessor-version":[{"id":331,"href":"https:\/\/www.realtrading.sk\/index.php?rest_route=\/wp\/v2\/pages\/15\/revisions\/331"}],"wp:attachment":[{"href":"https:\/\/www.realtrading.sk\/index.php?rest_route=%2Fwp%2Fv2%2Fmedia&parent=15"}],"curies":[{"name":"wp","href":"https:\/\/api.w.org\/{rel}","templated":true}]}}