{"id":16,"date":"2019-07-12T12:01:34","date_gmt":"2019-07-12T12:01:34","guid":{"rendered":"http:\/\/www.realtrading.sk\/?page_id=16"},"modified":"2019-07-15T14:12:27","modified_gmt":"2019-07-15T13:12:27","slug":"informacne-technologie","status":"publish","type":"page","link":"https:\/\/www.realtrading.sk\/?page_id=16","title":{"rendered":"Informa\u010dn\u00e9 technol\u00f3gie"},"content":{"rendered":"<p><span style=\"color: #ffffff;\">&#8211; n\u00e1vrh, realiz\u00e1cia a spr\u00e1va<img loading=\"lazy\" class=\"size-medium wp-image-84 alignright\" src=\"http:\/\/www.realtrading.sk\/wp-content\/uploads\/2019\/07\/IT2-300x170.jpg\" alt=\"\" width=\"300\" height=\"170\" srcset=\"https:\/\/www.realtrading.sk\/wp-content\/uploads\/2019\/07\/IT2-300x170.jpg 300w, https:\/\/www.realtrading.sk\/wp-content\/uploads\/2019\/07\/IT2-768x436.jpg 768w, https:\/\/www.realtrading.sk\/wp-content\/uploads\/2019\/07\/IT2-700x397.jpg 700w, https:\/\/www.realtrading.sk\/wp-content\/uploads\/2019\/07\/IT2-520x295.jpg 520w, https:\/\/www.realtrading.sk\/wp-content\/uploads\/2019\/07\/IT2-360x204.jpg 360w, https:\/\/www.realtrading.sk\/wp-content\/uploads\/2019\/07\/IT2-250x142.jpg 250w, https:\/\/www.realtrading.sk\/wp-content\/uploads\/2019\/07\/IT2-100x57.jpg 100w, https:\/\/www.realtrading.sk\/wp-content\/uploads\/2019\/07\/IT2.jpg 820w\" sizes=\"(max-width: 300px) 100vw, 300px\" \/> informa\u010dn\u00fdch technol\u00f3gii<\/span><\/p>\n<p><span style=\"color: #ffffff;\">\u00a0\u00a0 (osobn\u00fdch po\u010d\u00edta\u010dov, notebookov a serverov)<\/span><\/p>\n<p><span style=\"color: #ffffff;\">&#8211; vybudovanie LAN \u0161trukt\u00far pre mal\u00e9 a stredn\u00e9 spolo\u010dnosti s d\u00e1tov\u00fdmi \u00falo\u017eiskami<\/span><\/p>\n","protected":false},"excerpt":{"rendered":"<p>&#8211; n\u00e1vrh, realiz\u00e1cia a spr\u00e1va informa\u010dn\u00fdch technol\u00f3gii \u00a0\u00a0 (osobn\u00fdch po\u010d\u00edta\u010dov, notebookov a serverov) &#8211; vybudovanie LAN \u0161trukt\u00far pre mal\u00e9 a stredn\u00e9 spolo\u010dnosti s d\u00e1tov\u00fdmi \u00falo\u017eiskami<\/p>\n","protected":false},"author":1,"featured_media":0,"parent":0,"menu_order":0,"comment_status":"closed","ping_status":"closed","template":"page-templates\/page_fullwidth.php","meta":[],"_links":{"self":[{"href":"https:\/\/www.realtrading.sk\/index.php?rest_route=\/wp\/v2\/pages\/16"}],"collection":[{"href":"https:\/\/www.realtrading.sk\/index.php?rest_route=\/wp\/v2\/pages"}],"about":[{"href":"https:\/\/www.realtrading.sk\/index.php?rest_route=\/wp\/v2\/types\/page"}],"author":[{"embeddable":true,"href":"https:\/\/www.realtrading.sk\/index.php?rest_route=\/wp\/v2\/users\/1"}],"replies":[{"embeddable":true,"href":"https:\/\/www.realtrading.sk\/index.php?rest_route=%2Fwp%2Fv2%2Fcomments&post=16"}],"version-history":[{"count":24,"href":"https:\/\/www.realtrading.sk\/index.php?rest_route=\/wp\/v2\/pages\/16\/revisions"}],"predecessor-version":[{"id":426,"href":"https:\/\/www.realtrading.sk\/index.php?rest_route=\/wp\/v2\/pages\/16\/revisions\/426"}],"wp:attachment":[{"href":"https:\/\/www.realtrading.sk\/index.php?rest_route=%2Fwp%2Fv2%2Fmedia&parent=16"}],"curies":[{"name":"wp","href":"https:\/\/api.w.org\/{rel}","templated":true}]}}