{"id":33,"date":"2019-07-12T12:17:44","date_gmt":"2019-07-12T12:17:44","guid":{"rendered":"http:\/\/www.realtrading.sk\/?page_id=33"},"modified":"2020-12-02T08:44:09","modified_gmt":"2020-12-02T07:44:09","slug":"kontakt","status":"publish","type":"page","link":"https:\/\/www.realtrading.sk\/?page_id=33","title":{"rendered":"Kontakt"},"content":{"rendered":"<p style=\"text-align: left;\"><span style=\"color: #ffffff;\">Real Trading Group s.r.o.<\/span><br \/>\n<span style=\"color: #ffffff;\">Sidlisko II., \u010d.1233<\/span><br \/>\n<span style=\"color: #ffffff;\">09301 Vranov n.T.<\/span><br \/>\n<span style=\"color: #ffffff;\">Slovensk\u00e1 republika<\/span><\/p>\n<p style=\"text-align: left;\"><span style=\"color: #ffffff;\">Ing. Kmec Branislav \u2013 m\u00fdtne a monitorovacie syst\u00e9my v n\u00e1kladnej doprave, informa\u010dn\u00e9 technol\u00f3gie, v\u00fdroba hygienick\u00fdch r\u00fa\u0161ok<\/span><br \/>\n<span style=\"color: #ffffff;\">Tel. : +421 918 989 003 , Email : kmec@realtrading.sk<br \/>\n<\/span><\/p>\n<p style=\"text-align: left;\"><span style=\"color: #ffffff;\">JUDr. Kmecov\u00e1 Hedviga \u2013 reklamn\u00e1 \u010dinnos\u0165, pren\u00e1jom priestorov<\/span><br \/>\n<span style=\"color: #999999;\"><span style=\"color: #ffffff;\">Tel. : +421 911 505 324 , Email : kmecova@realtrading.sk<\/span><strong><br \/>\n<\/strong><\/span><\/p>\n","protected":false},"excerpt":{"rendered":"<p>Real Trading Group s.r.o. Sidlisko II., \u010d.1233 09301 Vranov n.T. Slovensk\u00e1 republika Ing. Kmec Branislav \u2013 m\u00fdtne a monitorovacie syst\u00e9my v n\u00e1kladnej doprave, informa\u010dn\u00e9 technol\u00f3gie, v\u00fdroba hygienick\u00fdch r\u00fa\u0161ok Tel. : +421 918 989 003 , Email : kmec@realtrading.sk JUDr. Kmecov\u00e1 [&hellip;]<\/p>\n","protected":false},"author":1,"featured_media":0,"parent":0,"menu_order":0,"comment_status":"closed","ping_status":"closed","template":"page-templates\/page_fullwidth.php","meta":[],"_links":{"self":[{"href":"https:\/\/www.realtrading.sk\/index.php?rest_route=\/wp\/v2\/pages\/33"}],"collection":[{"href":"https:\/\/www.realtrading.sk\/index.php?rest_route=\/wp\/v2\/pages"}],"about":[{"href":"https:\/\/www.realtrading.sk\/index.php?rest_route=\/wp\/v2\/types\/page"}],"author":[{"embeddable":true,"href":"https:\/\/www.realtrading.sk\/index.php?rest_route=\/wp\/v2\/users\/1"}],"replies":[{"embeddable":true,"href":"https:\/\/www.realtrading.sk\/index.php?rest_route=%2Fwp%2Fv2%2Fcomments&post=33"}],"version-history":[{"count":19,"href":"https:\/\/www.realtrading.sk\/index.php?rest_route=\/wp\/v2\/pages\/33\/revisions"}],"predecessor-version":[{"id":434,"href":"https:\/\/www.realtrading.sk\/index.php?rest_route=\/wp\/v2\/pages\/33\/revisions\/434"}],"wp:attachment":[{"href":"https:\/\/www.realtrading.sk\/index.php?rest_route=%2Fwp%2Fv2%2Fmedia&parent=33"}],"curies":[{"name":"wp","href":"https:\/\/api.w.org\/{rel}","templated":true}]}}