{"id":77,"date":"2019-07-12T14:29:30","date_gmt":"2019-07-12T14:29:30","guid":{"rendered":"http:\/\/www.realtrading.sk\/?page_id=77"},"modified":"2022-01-05T11:02:02","modified_gmt":"2022-01-05T10:02:02","slug":"o-nas-2","status":"publish","type":"page","link":"https:\/\/www.realtrading.sk\/?page_id=77","title":{"rendered":"O n\u00e1s"},"content":{"rendered":"<p><span style=\"color: #ffffff;\">Spolo\u010dnos\u0165 Real Trading Group s.r.o. zalo\u017een\u00e1 v\u00a0roku 2011 so s\u00eddlom vo Vranove n.T.<\/span><\/p>\n<p><span style=\"color: #ffffff;\">vyv\u00edja aktivity v n\u00e1sleduj\u00facich segmentoch :<\/span><\/p>\n<p><span style=\"color: #ffffff;\">&#8211; M\u00fdtne a monitorovacie syst\u00e9my v kami\u00f3novej doprave<\/span><br \/><span style=\"color: #ffffff;\">&#8211; Informa\u010dn\u00e9 technol\u00f3gie<\/span><br \/><span style=\"color: #ffffff;\">&#8211; Potla\u010d textilu a\u00a0predmetov na propaga\u010dn\u00e9 \u00fa\u010dely<br \/>&#8211; Pren\u00e1jom kancel\u00e1rskych a \u0161koliacich priestorov<\/span><br \/><span style=\"color: #000000;\"><span style=\"color: #ffffff;\">&#8211; V\u00fdroba jednor\u00e1zov\u00fdch hygienick\u00fdch r\u00fa\u0161ok<\/span><br \/><\/span><\/p>\n\n\n<p><\/p>\n","protected":false},"excerpt":{"rendered":"<p>Spolo\u010dnos\u0165 Real Trading Group s.r.o. zalo\u017een\u00e1 v\u00a0roku 2011 so s\u00eddlom vo Vranove n.T. vyv\u00edja aktivity v n\u00e1sleduj\u00facich segmentoch : &#8211; M\u00fdtne a monitorovacie syst\u00e9my v kami\u00f3novej doprave&#8211; Informa\u010dn\u00e9 technol\u00f3gie&#8211; Potla\u010d textilu a\u00a0predmetov na propaga\u010dn\u00e9 \u00fa\u010dely&#8211; Pren\u00e1jom kancel\u00e1rskych a \u0161koliacich priestorov&#8211; [&hellip;]<\/p>\n","protected":false},"author":1,"featured_media":0,"parent":0,"menu_order":0,"comment_status":"closed","ping_status":"closed","template":"page-templates\/page_fullwidth.php","meta":[],"_links":{"self":[{"href":"https:\/\/www.realtrading.sk\/index.php?rest_route=\/wp\/v2\/pages\/77"}],"collection":[{"href":"https:\/\/www.realtrading.sk\/index.php?rest_route=\/wp\/v2\/pages"}],"about":[{"href":"https:\/\/www.realtrading.sk\/index.php?rest_route=\/wp\/v2\/types\/page"}],"author":[{"embeddable":true,"href":"https:\/\/www.realtrading.sk\/index.php?rest_route=\/wp\/v2\/users\/1"}],"replies":[{"embeddable":true,"href":"https:\/\/www.realtrading.sk\/index.php?rest_route=%2Fwp%2Fv2%2Fcomments&post=77"}],"version-history":[{"count":13,"href":"https:\/\/www.realtrading.sk\/index.php?rest_route=\/wp\/v2\/pages\/77\/revisions"}],"predecessor-version":[{"id":439,"href":"https:\/\/www.realtrading.sk\/index.php?rest_route=\/wp\/v2\/pages\/77\/revisions\/439"}],"wp:attachment":[{"href":"https:\/\/www.realtrading.sk\/index.php?rest_route=%2Fwp%2Fv2%2Fmedia&parent=77"}],"curies":[{"name":"wp","href":"https:\/\/api.w.org\/{rel}","templated":true}]}}